{"id":187,"date":"2023-04-04T12:03:52","date_gmt":"2023-04-04T10:03:52","guid":{"rendered":"https:\/\/put.mikrogoran.hr\/?page_id=187"},"modified":"2026-02-23T15:47:18","modified_gmt":"2026-02-23T14:47:18","slug":"loko-voznja-kraj","status":"publish","type":"page","link":"https:\/\/put.mikrogoran.hr\/index.php\/loko-voznja-kraj\/","title":{"rendered":"Loko vo\u017enja &#8211; kraj"},"content":{"rendered":"<p>[et_pb_section fb_built=&#8221;1&#8243; admin_label=&#8221;CTAs&#8221; _builder_version=&#8221;4.16&#8243; locked=&#8221;off&#8221; global_colors_info=&#8221;{}&#8221;][et_pb_row _builder_version=&#8221;4.16&#8243; global_colors_info=&#8221;{}&#8221;][et_pb_column type=&#8221;4_4&#8243; _builder_version=&#8221;4.16&#8243; custom_padding=&#8221;|||&#8221; global_colors_info=&#8221;{}&#8221; custom_padding__hover=&#8221;|||&#8221;][et_pb_contact_form email=&#8221;lorena@mikrogoran.hr, marija@mikrogoran.he&#8221; custom_message=&#8221;Izvje\u0161\u0107e sa kraja puta MikroGoran d.o.o.||et_pb_line_break_holder||||et_pb_line_break_holder||Datum povratka sa puta: %%Datum_povratka_sa_puta%%||et_pb_line_break_holder||Vrijeme povratka sa puta: %%Vrijeme_povratka_sa_puta%%||et_pb_line_break_holder||Automobil: %%Automobil%%||et_pb_line_break_holder||Krajnji kilometri vozila: %%Krajnji_kilometri_vozila%%||et_pb_line_break_holder||Tro\u0161ak sa puta 1: %%Tro\u0161ak_trajekta%%||et_pb_line_break_holder||Tro\u0161ak sa puta 2: %%Field_9%%||et_pb_line_break_holder||Tro\u0161ak sa puta 3: %%Field_8%%||et_pb_line_break_holder||Ostali tro\u0161kovi: %%Ostali_tro\u0161kovi%%||et_pb_line_break_holder||Dodatna zabilje\u0161ka: %%Dodatna_zabilje\u0161ka%%||et_pb_line_break_holder||&#8221; use_redirect=&#8221;on&#8221; redirect_url=&#8221;http:\/\/put.mikrogoran.hr\/index.php\/izvjestajkrajputa&#8221; submit_button_text=&#8221;Po\u0161alji&#8221; _builder_version=&#8221;4.24.2&#8243; _module_preset=&#8221;default&#8221; _unique_id=&#8221;d692b81a-5647-458f-852b-be241e11b3e5&#8243; hover_enabled=&#8221;0&#8243; global_colors_info=&#8221;{}&#8221; sticky_enabled=&#8221;0&#8243;][et_pb_contact_field field_id=&#8221;Datum_povratka_sa_puta&#8221; field_title=&#8221;Datum povratka sa puta&#8221; fullwidth_field=&#8221;on&#8221; _builder_version=&#8221;4.16&#8243; _module_preset=&#8221;default&#8221; form_field_text_color=&#8221;#a3a3a3&#8243; global_colors_info=&#8221;{}&#8221;][\/et_pb_contact_field][et_pb_contact_field field_id=&#8221;Vrijeme_povratka_sa_puta&#8221; field_title=&#8221;Vrijeme povratka sa puta&#8221; fullwidth_field=&#8221;on&#8221; _builder_version=&#8221;4.16&#8243; _module_preset=&#8221;default&#8221; form_field_text_color=&#8221;#a3a3a3&#8243; global_colors_info=&#8221;{}&#8221;][\/et_pb_contact_field][et_pb_contact_field field_id=&#8221;Automobil&#8221; field_title=&#8221;Automobil&#8221; field_type=&#8221;select&#8221; select_options=&#8221;%91{%22value%22:%22Dacia Jogger DE659FT%22,%22checked%22:0,%22dragID%22:0},{%22dragID%22:4,%22value%22:%22Opel Astra RI-4615-F%22,%22checked%22:0},{%22value%22:%22Opel Combo DE-735-FT%22,%22checked%22:0,%22dragID%22:5},{%22value%22:%22Privatni automobil%22,%22checked%22:0,%22dragID%22:6},{%22value%22:%22Dacia Duster DE-962-FV%22,%22checked%22:0,%22dragID%22:7}%93&#8243; fullwidth_field=&#8221;on&#8221; _builder_version=&#8221;4.24.2&#8243; _module_preset=&#8221;default&#8221; global_colors_info=&#8221;{}&#8221;][\/et_pb_contact_field][et_pb_contact_field field_id=&#8221;Krajnji_kilometri_vozila&#8221; field_title=&#8221;Krajnji kilometri vozila&#8221; fullwidth_field=&#8221;on&#8221; _builder_version=&#8221;4.16&#8243; _module_preset=&#8221;default&#8221; form_field_text_color=&#8221;#a3a3a3&#8243; global_colors_info=&#8221;{}&#8221;][\/et_pb_contact_field][et_pb_contact_field field_id=&#8221;Dodatna_zabilje\u0161ka&#8221; field_title=&#8221;Dodatna zabilje\u0161ka&#8221; field_type=&#8221;text&#8221; required_mark=&#8221;off&#8221; fullwidth_field=&#8221;on&#8221; _builder_version=&#8221;4.16&#8243; global_colors_info=&#8221;{}&#8221; button_text_size__hover_enabled=&#8221;off&#8221; button_one_text_size__hover_enabled=&#8221;off&#8221; button_two_text_size__hover_enabled=&#8221;off&#8221; button_text_color__hover_enabled=&#8221;off&#8221; button_one_text_color__hover_enabled=&#8221;off&#8221; button_two_text_color__hover_enabled=&#8221;off&#8221; button_border_width__hover_enabled=&#8221;off&#8221; button_one_border_width__hover_enabled=&#8221;off&#8221; button_two_border_width__hover_enabled=&#8221;off&#8221; button_border_color__hover_enabled=&#8221;off&#8221; button_one_border_color__hover_enabled=&#8221;off&#8221; button_two_border_color__hover_enabled=&#8221;off&#8221; button_border_radius__hover_enabled=&#8221;off&#8221; button_one_border_radius__hover_enabled=&#8221;off&#8221; button_two_border_radius__hover_enabled=&#8221;off&#8221; button_letter_spacing__hover_enabled=&#8221;off&#8221; button_one_letter_spacing__hover_enabled=&#8221;off&#8221; button_two_letter_spacing__hover_enabled=&#8221;off&#8221; button_bg_color__hover_enabled=&#8221;off&#8221; button_one_bg_color__hover_enabled=&#8221;off&#8221; button_two_bg_color__hover_enabled=&#8221;off&#8221;][\/et_pb_contact_field][\/et_pb_contact_form][\/et_pb_column][\/et_pb_row][\/et_pb_section][et_pb_section fb_built=&#8221;1&#8243; admin_label=&#8221;Footer&#8221; _builder_version=&#8221;4.16&#8243; use_background_color_gradient=&#8221;on&#8221; background_color_gradient_direction=&#8221;237deg&#8221; background_color_gradient_stops=&#8221;#46b3ff 0%|#0752fe 100%&#8221; background_color_gradient_start=&#8221;#46b3ff&#8221; background_color_gradient_end=&#8221;#0752fe&#8221; background_image=&#8221;http:\/\/put.mikrogoran.hr\/wp-content\/uploads\/2021\/06\/hosting-company-11.png&#8221; background_size=&#8221;contain&#8221; background_position=&#8221;top_center&#8221; custom_padding=&#8221;20vw||10vw||false|false&#8221; animation_style=&#8221;slide&#8221; animation_direction=&#8221;top&#8221; animation_intensity_slide=&#8221;5%&#8221; animation_starting_opacity=&#8221;100%&#8221; locked=&#8221;off&#8221; global_colors_info=&#8221;{}&#8221;][\/et_pb_section]<\/p>\n","protected":false},"excerpt":{"rendered":"","protected":false},"author":1,"featured_media":0,"parent":0,"menu_order":0,"comment_status":"closed","ping_status":"closed","template":"","meta":{"_et_pb_use_builder":"on","_et_pb_old_content":"","_et_gb_content_width":"","footnotes":""},"class_list":["post-187","page","type-page","status-publish","hentry"],"_links":{"self":[{"href":"https:\/\/put.mikrogoran.hr\/index.php\/wp-json\/wp\/v2\/pages\/187","targetHints":{"allow":["GET"]}}],"collection":[{"href":"https:\/\/put.mikrogoran.hr\/index.php\/wp-json\/wp\/v2\/pages"}],"about":[{"href":"https:\/\/put.mikrogoran.hr\/index.php\/wp-json\/wp\/v2\/types\/page"}],"author":[{"embeddable":true,"href":"https:\/\/put.mikrogoran.hr\/index.php\/wp-json\/wp\/v2\/users\/1"}],"replies":[{"embeddable":true,"href":"https:\/\/put.mikrogoran.hr\/index.php\/wp-json\/wp\/v2\/comments?post=187"}],"version-history":[{"count":7,"href":"https:\/\/put.mikrogoran.hr\/index.php\/wp-json\/wp\/v2\/pages\/187\/revisions"}],"predecessor-version":[{"id":243,"href":"https:\/\/put.mikrogoran.hr\/index.php\/wp-json\/wp\/v2\/pages\/187\/revisions\/243"}],"wp:attachment":[{"href":"https:\/\/put.mikrogoran.hr\/index.php\/wp-json\/wp\/v2\/media?parent=187"}],"curies":[{"name":"wp","href":"https:\/\/api.w.org\/{rel}","templated":true}]}}